{"id":4915,"date":"2024-03-14T12:36:58","date_gmt":"2024-03-14T12:36:58","guid":{"rendered":"https:\/\/www.cacit.de\/?post_type=product&#038;p=4915"},"modified":"2025-08-29T07:37:42","modified_gmt":"2025-08-29T07:37:42","slug":"cacit-germany-cup","status":"publish","type":"product","link":"https:\/\/www.cacit.de\/en\/cacit-germany-cup\/","title":{"rendered":"CACIT Germany mug"},"content":{"rendered":"<p>The &#8220;CACIT Germany&#8221; mug is not only a practical utensil for your daily coffee break, but also an indispensable memento of this exciting event. Made from high-quality ceramic, this mug offers a generous 300 ml capacity, perfect for your morning energy boost or a relaxing cup of tea in the evening. <\/p>\n<p>The design of the mug is simple yet striking &#8211; a classic white mug with the eye-catching logo of the &#8220;CACIT Germany&#8221; event on the front. The logo is presented in bold colors and immediately attracts attention. The glossy finish gives the mug an elegant look, while the ergonomic handle ensures a comfortable grip whether you want to enjoy your coffee hot or ice cold.  <\/p>\n<div data-block=\"hook:4920\" class=\"alignfull\" ><article id=\"post-4920\" class=\"post-4920\" ><div class=\"entry-content\" >\n<p><strong>Gr\u00f6\u00dfenhinweis:&nbsp;F\u00e4llt normal aus<\/strong><\/p>\n\n\n\n<div class=\"wp-block-group is-layout-constrained wp-block-group-is-layout-constrained\">\n<div class=\"wp-block-columns is-layout-flex wp-container-core-columns-is-layout-28f84493 wp-block-columns-is-layout-flex\">\n<div class=\"wp-block-column is-layout-flow wp-block-column-is-layout-flow\" style=\"flex-basis:94px\">\n<figure class=\"wp-block-image size-full is-resized\"><img decoding=\"async\" width=\"190\" height=\"190\" src=\"https:\/\/www.cacit.de\/wp-content\/uploads\/2024\/02\/size-cup.png\" alt=\"\" class=\"wp-image-4921\" style=\"object-fit:cover;width:86px;height:86px\" title=\"\" srcset=\"https:\/\/www.cacit.de\/wp-content\/uploads\/2024\/02\/size-cup.png 190w, https:\/\/www.cacit.de\/wp-content\/uploads\/2024\/02\/size-cup-150x150.png 150w, https:\/\/www.cacit.de\/wp-content\/uploads\/2024\/02\/size-cup-100x100.png 100w\" sizes=\"(max-width: 190px) 100vw, 190px\" \/><\/figure>\n<\/div>\n\n\n\n<div class=\"wp-block-column is-layout-flow wp-block-column-is-layout-flow\" style=\"flex-basis:80%\">\n<div class=\"wp-block-columns is-not-stacked-on-mobile is-layout-flex wp-container-core-columns-is-layout-28f84493 wp-block-columns-is-layout-flex\">\n<div class=\"wp-block-column is-layout-flow wp-block-column-is-layout-flow\" style=\"flex-basis:100%\">\n<figure class=\"wp-block-table\"><table><tbody><tr><td class=\"has-text-align-center\" data-align=\"center\"><strong>Gr\u00f6\u00dfe<\/strong><\/td><td class=\"has-text-align-center\" data-align=\"center\"><strong><strong>A (cm)<\/strong><\/strong><\/td><td class=\"has-text-align-center\" data-align=\"center\"><strong><strong><strong>B (cm)<\/strong><\/strong><\/strong><\/td><\/tr><tr><td class=\"has-text-align-center\" data-align=\"center\">One size<\/td><td class=\"has-text-align-center\" data-align=\"center\">9,5<\/td><td class=\"has-text-align-center\" data-align=\"center\">26,0<\/td><\/tr><\/tbody><\/table><\/figure>\n<\/div>\n<\/div>\n<\/div>\n<\/div>\n<\/div>\n<\/div><\/article><\/div>\n","protected":false},"excerpt":{"rendered":"<p>A white mug with the logo of the &#8220;CACIT Germany&#8221; event. A stylish accessory and memento of the event.<\/p>\n","protected":false},"featured_media":5056,"template":"","meta":{"ngg_post_thumbnail":0},"product_cat":[106],"product_tag":[],"class_list":{"0":"post-4915","1":"product","2":"type-product","3":"status-publish","4":"has-post-thumbnail","6":"product_cat-all-products","7":"product_shipping_class-eventproducts-en","9":"first","10":"instock","11":"taxable","12":"shipping-taxable","13":"purchasable","14":"product-type-simple"},"_links":{"self":[{"href":"https:\/\/www.cacit.de\/en\/wp-json\/wp\/v2\/product\/4915","targetHints":{"allow":["GET"]}}],"collection":[{"href":"https:\/\/www.cacit.de\/en\/wp-json\/wp\/v2\/product"}],"about":[{"href":"https:\/\/www.cacit.de\/en\/wp-json\/wp\/v2\/types\/product"}],"wp:featuredmedia":[{"embeddable":true,"href":"https:\/\/www.cacit.de\/en\/wp-json\/wp\/v2\/media\/5056"}],"wp:attachment":[{"href":"https:\/\/www.cacit.de\/en\/wp-json\/wp\/v2\/media?parent=4915"}],"wp:term":[{"taxonomy":"product_cat","embeddable":true,"href":"https:\/\/www.cacit.de\/en\/wp-json\/wp\/v2\/product_cat?post=4915"},{"taxonomy":"product_tag","embeddable":true,"href":"https:\/\/www.cacit.de\/en\/wp-json\/wp\/v2\/product_tag?post=4915"}],"curies":[{"name":"wp","href":"https:\/\/api.w.org\/{rel}","templated":true}]}}